{"id":1369,"date":"2025-07-09T09:10:08","date_gmt":"2025-07-09T09:10:08","guid":{"rendered":"https:\/\/hifoder.org\/?page_id=1369"},"modified":"2025-07-09T09:10:50","modified_gmt":"2025-07-09T09:10:50","slug":"faaliyetlerimiz","status":"publish","type":"page","link":"https:\/\/hifoder.org\/en\/dernek-hakkinda\/faaliyetlerimiz\/","title":{"rendered":"Our Activities"},"content":{"rendered":"<div data-elementor-type=\"wp-page\" data-elementor-id=\"1369\" class=\"elementor elementor-1369\" data-elementor-post-type=\"page\">\n\t\t\t\t\t\t<section class=\"elementor-section elementor-top-section elementor-element elementor-element-0c10a30 elementor-section-boxed elementor-section-height-default elementor-section-height-default\" data-id=\"0c10a30\" data-element_type=\"section\" data-e-type=\"section\">\n\t\t\t\t\t\t<div class=\"elementor-container elementor-column-gap-default\">\n\t\t\t\t\t<div class=\"elementor-column elementor-col-100 elementor-top-column elementor-element elementor-element-3942c79\" data-id=\"3942c79\" data-element_type=\"column\" data-e-type=\"column\">\n\t\t\t<div class=\"elementor-widget-wrap elementor-element-populated\">\n\t\t\t\t\t\t\t<\/div>\n\t\t<\/div>\n\t\t\t\t\t<\/div>\n\t\t<\/section>\n\t\t\t\t<section class=\"elementor-section elementor-top-section elementor-element elementor-element-dc44f12 elementor-reverse-mobile elementor-section-boxed elementor-section-height-default elementor-section-height-default\" data-id=\"dc44f12\" data-element_type=\"section\" data-e-type=\"section\">\n\t\t\t\t\t\t<div class=\"elementor-container elementor-column-gap-default\">\n\t\t\t\t\t<div class=\"elementor-column elementor-col-50 elementor-top-column elementor-element elementor-element-fdf12fb\" data-id=\"fdf12fb\" data-element_type=\"column\" data-e-type=\"column\">\n\t\t\t<div class=\"elementor-widget-wrap elementor-element-populated\">\n\t\t\t\t\t\t<section class=\"elementor-section elementor-inner-section elementor-element elementor-element-66e57c8 elementor-section-boxed elementor-section-height-default elementor-section-height-default\" data-id=\"66e57c8\" data-element_type=\"section\" data-e-type=\"section\" data-settings=\"{&quot;sticky&quot;:&quot;top&quot;,&quot;sticky_parent&quot;:&quot;yes&quot;,&quot;sticky_offset&quot;:120,&quot;sticky_on&quot;:[&quot;desktop&quot;,&quot;tablet&quot;,&quot;mobile&quot;],&quot;sticky_effects_offset&quot;:0,&quot;sticky_anchor_link_offset&quot;:0}\">\n\t\t\t\t\t\t<div class=\"elementor-container elementor-column-gap-no\">\n\t\t\t\t\t<div class=\"elementor-column elementor-col-100 elementor-inner-column elementor-element elementor-element-86acf23\" data-id=\"86acf23\" data-element_type=\"column\" data-e-type=\"column\">\n\t\t\t<div class=\"elementor-widget-wrap elementor-element-populated\">\n\t\t\t\t\t\t<div class=\"elementor-element elementor-element-bf7c92b elementor-nav-menu__align-start elementor-nav-menu--dropdown-none elementor-widget elementor-widget-nav-menu\" data-id=\"bf7c92b\" data-element_type=\"widget\" data-e-type=\"widget\" data-settings=\"{&quot;layout&quot;:&quot;vertical&quot;,&quot;submenu_icon&quot;:{&quot;value&quot;:&quot;&lt;svg class=\\&quot;e-font-icon-svg e-fas-caret-down\\&quot; viewBox=\\&quot;0 0 320 512\\&quot; xmlns=\\&quot;http:\\\/\\\/www.w3.org\\\/2000\\\/svg\\&quot;&gt;&lt;path d=\\&quot;M31.3 192h257.3c17.8 0 26.7 21.5 14.1 34.1L174.1 354.8c-7.8 7.8-20.5 7.8-28.3 0L17.2 226.1C4.6 213.5 13.5 192 31.3 192z\\&quot;&gt;&lt;\\\/path&gt;&lt;\\\/svg&gt;&quot;,&quot;library&quot;:&quot;fa-solid&quot;}}\" data-widget_type=\"nav-menu.default\">\n\t\t\t\t<div class=\"elementor-widget-container\">\n\t\t\t\t\t\t\t\t<nav aria-label=\"Menu\" class=\"elementor-nav-menu--main elementor-nav-menu__container elementor-nav-menu--layout-vertical e--pointer-background e--animation-fade\">\n\t\t\t\t<ul id=\"menu-1-bf7c92b\" class=\"elementor-nav-menu sm-vertical\"><li class=\"menu-item menu-item-type-taxonomy menu-item-object-category menu-item-1145\"><a href=\"https:\/\/hifoder.org\/en\/kategori\/haberler\/\" class=\"elementor-item\">News<\/a><\/li>\n<li class=\"menu-item menu-item-type-taxonomy menu-item-object-category menu-item-1146\"><a href=\"https:\/\/hifoder.org\/en\/kategori\/etkinlikler\/\" class=\"elementor-item\">Events<\/a><\/li>\n<li class=\"menu-item menu-item-type-post_type menu-item-object-page menu-item-1147\"><a href=\"https:\/\/hifoder.org\/en\/dernek-hakkinda\/dernek-tuzugumuz\/\" class=\"elementor-item\">Our Association Charter<\/a><\/li>\n<li class=\"menu-item menu-item-type-post_type menu-item-object-page menu-item-1307\"><a href=\"https:\/\/hifoder.org\/en\/faaliyet-raporlari\/\" class=\"elementor-item\">Activity Reports<\/a><\/li>\n<li class=\"menu-item menu-item-type-post_type menu-item-object-page menu-item-1374\"><a href=\"https:\/\/hifoder.org\/en\/dernek-hakkinda\/faaliyetlerimiz\/\" class=\"elementor-item\">Our Activities<\/a><\/li>\n<li class=\"menu-item menu-item-type-post_type menu-item-object-page menu-item-1148\"><a href=\"https:\/\/hifoder.org\/en\/dernek-hakkinda\/biz-kimiz\/\" class=\"elementor-item\">Who Are We?<\/a><\/li>\n<li class=\"menu-item menu-item-type-post_type menu-item-object-page menu-item-1368\"><a href=\"https:\/\/hifoder.org\/en\/dernek-hakkinda\/karsilastigimiz-zorluklar\/\" class=\"elementor-item\">The Challenges We Face<\/a><\/li>\n<li class=\"menu-item menu-item-type-taxonomy menu-item-object-category menu-item-1149\"><a href=\"https:\/\/hifoder.org\/en\/kategori\/duyurular\/\" class=\"elementor-item\">Announcements<\/a><\/li>\n<li class=\"menu-item menu-item-type-post_type menu-item-object-page menu-item-1199\"><a href=\"https:\/\/hifoder.org\/en\/dernek-hakkinda\/destek-ol\/\" class=\"elementor-item\">Support Us<\/a><\/li>\n<li class=\"menu-item menu-item-type-post_type menu-item-object-page menu-item-1338\"><a href=\"https:\/\/hifoder.org\/en\/uyelik-formu\/\" class=\"elementor-item\">Membership Form<\/a><\/li>\n<li class=\"menu-item menu-item-type-post_type menu-item-object-page menu-item-1198\"><a href=\"https:\/\/hifoder.org\/en\/dernek-hakkinda\/yonetim-kurulu\/\" class=\"elementor-item\">Board of Directors<\/a><\/li>\n<li class=\"menu-item menu-item-type-post_type menu-item-object-page menu-item-1213\"><a href=\"https:\/\/hifoder.org\/en\/dernek-hakkinda\/tedaviye-erisim-destek-talebi\/\" class=\"elementor-item\">Request for Support for Access to Treatment<\/a><\/li>\n<\/ul>\t\t\t<\/nav>\n\t\t\t\t\t\t<nav class=\"elementor-nav-menu--dropdown elementor-nav-menu__container\" aria-hidden=\"true\">\n\t\t\t\t<ul id=\"menu-2-bf7c92b\" class=\"elementor-nav-menu sm-vertical\"><li class=\"menu-item menu-item-type-taxonomy menu-item-object-category menu-item-1145\"><a href=\"https:\/\/hifoder.org\/en\/kategori\/haberler\/\" class=\"elementor-item\" tabindex=\"-1\">News<\/a><\/li>\n<li class=\"menu-item menu-item-type-taxonomy menu-item-object-category menu-item-1146\"><a href=\"https:\/\/hifoder.org\/en\/kategori\/etkinlikler\/\" class=\"elementor-item\" tabindex=\"-1\">Events<\/a><\/li>\n<li class=\"menu-item menu-item-type-post_type menu-item-object-page menu-item-1147\"><a href=\"https:\/\/hifoder.org\/en\/dernek-hakkinda\/dernek-tuzugumuz\/\" class=\"elementor-item\" tabindex=\"-1\">Our Association Charter<\/a><\/li>\n<li class=\"menu-item menu-item-type-post_type menu-item-object-page menu-item-1307\"><a href=\"https:\/\/hifoder.org\/en\/faaliyet-raporlari\/\" class=\"elementor-item\" tabindex=\"-1\">Activity Reports<\/a><\/li>\n<li class=\"menu-item menu-item-type-post_type menu-item-object-page menu-item-1374\"><a href=\"https:\/\/hifoder.org\/en\/dernek-hakkinda\/faaliyetlerimiz\/\" class=\"elementor-item\" tabindex=\"-1\">Our Activities<\/a><\/li>\n<li class=\"menu-item menu-item-type-post_type menu-item-object-page menu-item-1148\"><a href=\"https:\/\/hifoder.org\/en\/dernek-hakkinda\/biz-kimiz\/\" class=\"elementor-item\" tabindex=\"-1\">Who Are We?<\/a><\/li>\n<li class=\"menu-item menu-item-type-post_type menu-item-object-page menu-item-1368\"><a href=\"https:\/\/hifoder.org\/en\/dernek-hakkinda\/karsilastigimiz-zorluklar\/\" class=\"elementor-item\" tabindex=\"-1\">The Challenges We Face<\/a><\/li>\n<li class=\"menu-item menu-item-type-taxonomy menu-item-object-category menu-item-1149\"><a href=\"https:\/\/hifoder.org\/en\/kategori\/duyurular\/\" class=\"elementor-item\" tabindex=\"-1\">Announcements<\/a><\/li>\n<li class=\"menu-item menu-item-type-post_type menu-item-object-page menu-item-1199\"><a href=\"https:\/\/hifoder.org\/en\/dernek-hakkinda\/destek-ol\/\" class=\"elementor-item\" tabindex=\"-1\">Support Us<\/a><\/li>\n<li class=\"menu-item menu-item-type-post_type menu-item-object-page menu-item-1338\"><a href=\"https:\/\/hifoder.org\/en\/uyelik-formu\/\" class=\"elementor-item\" tabindex=\"-1\">Membership Form<\/a><\/li>\n<li class=\"menu-item menu-item-type-post_type menu-item-object-page menu-item-1198\"><a href=\"https:\/\/hifoder.org\/en\/dernek-hakkinda\/yonetim-kurulu\/\" class=\"elementor-item\" tabindex=\"-1\">Board of Directors<\/a><\/li>\n<li class=\"menu-item menu-item-type-post_type menu-item-object-page menu-item-1213\"><a href=\"https:\/\/hifoder.org\/en\/dernek-hakkinda\/tedaviye-erisim-destek-talebi\/\" class=\"elementor-item\" tabindex=\"-1\">Request for Support for Access to Treatment<\/a><\/li>\n<\/ul>\t\t\t<\/nav>\n\t\t\t\t\t\t<\/div>\n\t\t\t\t<\/div>\n\t\t\t\t\t<\/div>\n\t\t<\/div>\n\t\t\t\t\t<\/div>\n\t\t<\/section>\n\t\t\t\t\t<\/div>\n\t\t<\/div>\n\t\t\t\t<div class=\"elementor-column elementor-col-50 elementor-top-column elementor-element elementor-element-24d63e3\" data-id=\"24d63e3\" data-element_type=\"column\" data-e-type=\"column\">\n\t\t\t<div class=\"elementor-widget-wrap elementor-element-populated\">\n\t\t\t\t\t\t<div class=\"elementor-element elementor-element-eb781ee elementor-widget elementor-widget-text-editor\" data-id=\"eb781ee\" data-element_type=\"widget\" data-e-type=\"widget\" data-widget_type=\"text-editor.default\">\n\t\t\t\t<div class=\"elementor-widget-container\">\n\t\t\t\t\t\t\t\t\t<p><strong>Rare Diseases Network<\/strong><\/p><p>We initiated collaborations with other rare disease associations in Turkey by attending the Rare Disease Network Meeting held at Ac\u0131badem Hospital in 2020. Our board of directors contributed to awareness-raising efforts by taking an active role in the network meetings.<\/p><p><strong>Legal Support<\/strong><\/p><p>We provide legal support to families in lawsuits filed in Labor Courts seeking access to medications not covered by the Social Security Institution (SGK). Emphasizing the constitutional right to treatment, we are fighting for the reimbursement of these medications.<\/p><p><strong>Turkish Database<\/strong><\/p><p>We aim to create a database in Turkey by translating international publications and clinical reports on HPP and XLH into Turkish. This project will facilitate access for healthcare professionals and researchers.<\/p>\t\t\t\t\t\t\t\t<\/div>\n\t\t\t\t<\/div>\n\t\t\t\t\t<\/div>\n\t\t<\/div>\n\t\t\t\t\t<\/div>\n\t\t<\/section>\n\t\t\t\t<\/div>","protected":false},"excerpt":{"rendered":"<p>Nadir Hastal\u0131klar A\u011f\u0131 2020 y\u0131l\u0131nda Ac\u0131badem Hastanesi\u2019nde d\u00fczenlenen Nadir Hastal\u0131klar A\u011f\u0131 Tan\u0131\u015fma Toplant\u0131s\u0131\u2019na kat\u0131larak, T\u00fcrkiye\u2019deki di\u011fer nadir hastal\u0131k dernekleriyle i\u015f birli\u011fi ba\u015flatt\u0131k. Y\u00f6netim kurulumuz, a\u011f toplant\u0131lar\u0131nda aktif rol alarak fark\u0131ndal\u0131k \u00e7al\u0131\u015fmalar\u0131na katk\u0131da bulundu. Hukuki Destek Ailelerin SGK taraf\u0131ndan kar\u015f\u0131lanmayan ila\u00e7lara eri\u015fimi i\u00e7in \u0130\u015f Mahkemeleri\u2019nde a\u00e7t\u0131klar\u0131 davalarda hukuki destek sa\u011fl\u0131yoruz. Tedavi hakk\u0131n\u0131n Anayasal bir hak oldu\u011funu [&hellip;]<\/p>","protected":false},"author":1,"featured_media":0,"parent":56,"menu_order":0,"comment_status":"closed","ping_status":"closed","template":"elementor_header_footer","meta":{"_acf_changed":false,"footnotes":""},"class_list":["post-1369","page","type-page","status-publish","hentry"],"acf":[],"yoast_head":"<!-- This site is optimized with the Yoast SEO plugin v25.3.1 - https:\/\/yoast.com\/wordpress\/plugins\/seo\/ -->\n<title>Faaliyetlerimiz - Hifo-DER<\/title>\n<meta name=\"robots\" content=\"index, follow, max-snippet:-1, max-image-preview:large, max-video-preview:-1\" \/>\n<link rel=\"canonical\" href=\"https:\/\/hifoder.org\/en\/dernek-hakkinda\/faaliyetlerimiz\/\" \/>\n<meta property=\"og:locale\" content=\"en_US\" \/>\n<meta property=\"og:type\" content=\"article\" \/>\n<meta property=\"og:title\" content=\"Faaliyetlerimiz - Hifo-DER\" \/>\n<meta property=\"og:description\" content=\"Nadir Hastal\u0131klar A\u011f\u0131 2020 y\u0131l\u0131nda Ac\u0131badem Hastanesi\u2019nde d\u00fczenlenen Nadir Hastal\u0131klar A\u011f\u0131 Tan\u0131\u015fma Toplant\u0131s\u0131\u2019na kat\u0131larak, T\u00fcrkiye\u2019deki di\u011fer nadir hastal\u0131k dernekleriyle i\u015f birli\u011fi ba\u015flatt\u0131k. Y\u00f6netim kurulumuz, a\u011f toplant\u0131lar\u0131nda aktif rol alarak fark\u0131ndal\u0131k \u00e7al\u0131\u015fmalar\u0131na katk\u0131da bulundu. Hukuki Destek Ailelerin SGK taraf\u0131ndan kar\u015f\u0131lanmayan ila\u00e7lara eri\u015fimi i\u00e7in \u0130\u015f Mahkemeleri\u2019nde a\u00e7t\u0131klar\u0131 davalarda hukuki destek sa\u011fl\u0131yoruz. Tedavi hakk\u0131n\u0131n Anayasal bir hak oldu\u011funu [&hellip;]\" \/>\n<meta property=\"og:url\" content=\"https:\/\/hifoder.org\/en\/dernek-hakkinda\/faaliyetlerimiz\/\" \/>\n<meta property=\"og:site_name\" content=\"Hifo-DER\" \/>\n<meta property=\"article:modified_time\" content=\"2025-07-09T09:10:50+00:00\" \/>\n<meta name=\"twitter:card\" content=\"summary_large_image\" \/>\n<meta name=\"twitter:label1\" content=\"Est. reading time\" \/>\n\t<meta name=\"twitter:data1\" content=\"2 minutes\" \/>\n<script type=\"application\/ld+json\" class=\"yoast-schema-graph\">{\"@context\":\"https:\/\/schema.org\",\"@graph\":[{\"@type\":\"WebPage\",\"@id\":\"https:\/\/hifoder.org\/dernek-hakkinda\/faaliyetlerimiz\/\",\"url\":\"https:\/\/hifoder.org\/dernek-hakkinda\/faaliyetlerimiz\/\",\"name\":\"Faaliyetlerimiz - Hifo-DER\",\"isPartOf\":{\"@id\":\"https:\/\/hifoder.org\/#website\"},\"datePublished\":\"2025-07-09T09:10:08+00:00\",\"dateModified\":\"2025-07-09T09:10:50+00:00\",\"breadcrumb\":{\"@id\":\"https:\/\/hifoder.org\/dernek-hakkinda\/faaliyetlerimiz\/#breadcrumb\"},\"inLanguage\":\"en-US\",\"potentialAction\":[{\"@type\":\"ReadAction\",\"target\":[\"https:\/\/hifoder.org\/dernek-hakkinda\/faaliyetlerimiz\/\"]}]},{\"@type\":\"BreadcrumbList\",\"@id\":\"https:\/\/hifoder.org\/dernek-hakkinda\/faaliyetlerimiz\/#breadcrumb\",\"itemListElement\":[{\"@type\":\"ListItem\",\"position\":1,\"name\":\"Anasayfa\",\"item\":\"https:\/\/hifoder.org\/\"},{\"@type\":\"ListItem\",\"position\":2,\"name\":\"Dernek Hakk\u0131nda\",\"item\":\"https:\/\/hifoder.org\/dernek-hakkinda\/\"},{\"@type\":\"ListItem\",\"position\":3,\"name\":\"Faaliyetlerimiz\"}]},{\"@type\":\"WebSite\",\"@id\":\"https:\/\/hifoder.org\/#website\",\"url\":\"https:\/\/hifoder.org\/\",\"name\":\"Hifo-DER\",\"description\":\"\",\"potentialAction\":[{\"@type\":\"SearchAction\",\"target\":{\"@type\":\"EntryPoint\",\"urlTemplate\":\"https:\/\/hifoder.org\/?s={search_term_string}\"},\"query-input\":{\"@type\":\"PropertyValueSpecification\",\"valueRequired\":true,\"valueName\":\"search_term_string\"}}],\"inLanguage\":\"en-US\"}]}<\/script>\n<!-- \/ Yoast SEO plugin. -->","yoast_head_json":{"title":"Faaliyetlerimiz - Hifo-DER","robots":{"index":"index","follow":"follow","max-snippet":"max-snippet:-1","max-image-preview":"max-image-preview:large","max-video-preview":"max-video-preview:-1"},"canonical":"https:\/\/hifoder.org\/en\/dernek-hakkinda\/faaliyetlerimiz\/","og_locale":"en_US","og_type":"article","og_title":"Faaliyetlerimiz - Hifo-DER","og_description":"Nadir Hastal\u0131klar A\u011f\u0131 2020 y\u0131l\u0131nda Ac\u0131badem Hastanesi\u2019nde d\u00fczenlenen Nadir Hastal\u0131klar A\u011f\u0131 Tan\u0131\u015fma Toplant\u0131s\u0131\u2019na kat\u0131larak, T\u00fcrkiye\u2019deki di\u011fer nadir hastal\u0131k dernekleriyle i\u015f birli\u011fi ba\u015flatt\u0131k. Y\u00f6netim kurulumuz, a\u011f toplant\u0131lar\u0131nda aktif rol alarak fark\u0131ndal\u0131k \u00e7al\u0131\u015fmalar\u0131na katk\u0131da bulundu. Hukuki Destek Ailelerin SGK taraf\u0131ndan kar\u015f\u0131lanmayan ila\u00e7lara eri\u015fimi i\u00e7in \u0130\u015f Mahkemeleri\u2019nde a\u00e7t\u0131klar\u0131 davalarda hukuki destek sa\u011fl\u0131yoruz. Tedavi hakk\u0131n\u0131n Anayasal bir hak oldu\u011funu [&hellip;]","og_url":"https:\/\/hifoder.org\/en\/dernek-hakkinda\/faaliyetlerimiz\/","og_site_name":"Hifo-DER","article_modified_time":"2025-07-09T09:10:50+00:00","twitter_card":"summary_large_image","twitter_misc":{"Est. reading time":"2 minutes"},"schema":{"@context":"https:\/\/schema.org","@graph":[{"@type":"WebPage","@id":"https:\/\/hifoder.org\/dernek-hakkinda\/faaliyetlerimiz\/","url":"https:\/\/hifoder.org\/dernek-hakkinda\/faaliyetlerimiz\/","name":"Faaliyetlerimiz - Hifo-DER","isPartOf":{"@id":"https:\/\/hifoder.org\/#website"},"datePublished":"2025-07-09T09:10:08+00:00","dateModified":"2025-07-09T09:10:50+00:00","breadcrumb":{"@id":"https:\/\/hifoder.org\/dernek-hakkinda\/faaliyetlerimiz\/#breadcrumb"},"inLanguage":"en-US","potentialAction":[{"@type":"ReadAction","target":["https:\/\/hifoder.org\/dernek-hakkinda\/faaliyetlerimiz\/"]}]},{"@type":"BreadcrumbList","@id":"https:\/\/hifoder.org\/dernek-hakkinda\/faaliyetlerimiz\/#breadcrumb","itemListElement":[{"@type":"ListItem","position":1,"name":"Anasayfa","item":"https:\/\/hifoder.org\/"},{"@type":"ListItem","position":2,"name":"Dernek Hakk\u0131nda","item":"https:\/\/hifoder.org\/dernek-hakkinda\/"},{"@type":"ListItem","position":3,"name":"Faaliyetlerimiz"}]},{"@type":"WebSite","@id":"https:\/\/hifoder.org\/#website","url":"https:\/\/hifoder.org\/","name":"Hifo-DER","description":"","potentialAction":[{"@type":"SearchAction","target":{"@type":"EntryPoint","urlTemplate":"https:\/\/hifoder.org\/?s={search_term_string}"},"query-input":{"@type":"PropertyValueSpecification","valueRequired":true,"valueName":"search_term_string"}}],"inLanguage":"en-US"}]}},"_links":{"self":[{"href":"https:\/\/hifoder.org\/en\/wp-json\/wp\/v2\/pages\/1369","targetHints":{"allow":["GET"]}}],"collection":[{"href":"https:\/\/hifoder.org\/en\/wp-json\/wp\/v2\/pages"}],"about":[{"href":"https:\/\/hifoder.org\/en\/wp-json\/wp\/v2\/types\/page"}],"author":[{"embeddable":true,"href":"https:\/\/hifoder.org\/en\/wp-json\/wp\/v2\/users\/1"}],"replies":[{"embeddable":true,"href":"https:\/\/hifoder.org\/en\/wp-json\/wp\/v2\/comments?post=1369"}],"version-history":[{"count":4,"href":"https:\/\/hifoder.org\/en\/wp-json\/wp\/v2\/pages\/1369\/revisions"}],"predecessor-version":[{"id":1373,"href":"https:\/\/hifoder.org\/en\/wp-json\/wp\/v2\/pages\/1369\/revisions\/1373"}],"up":[{"embeddable":true,"href":"https:\/\/hifoder.org\/en\/wp-json\/wp\/v2\/pages\/56"}],"wp:attachment":[{"href":"https:\/\/hifoder.org\/en\/wp-json\/wp\/v2\/media?parent=1369"}],"curies":[{"name":"wp","href":"https:\/\/api.w.org\/{rel}","templated":true}]}}