{"id":1205,"date":"2025-04-22T19:31:09","date_gmt":"2025-04-22T19:31:09","guid":{"rendered":"https:\/\/hifoder.org\/?page_id=1205"},"modified":"2025-04-22T19:33:03","modified_gmt":"2025-04-22T19:33:03","slug":"tedaviye-erisim-destek-talebi","status":"publish","type":"page","link":"https:\/\/hifoder.org\/en\/dernek-hakkinda\/tedaviye-erisim-destek-talebi\/","title":{"rendered":"Request for Support for Access to Treatment"},"content":{"rendered":"<div data-elementor-type=\"wp-page\" data-elementor-id=\"1205\" class=\"elementor elementor-1205\" data-elementor-post-type=\"page\">\n\t\t\t\t\t\t<section class=\"elementor-section elementor-top-section elementor-element elementor-element-d1a9b13 elementor-section-boxed elementor-section-height-default elementor-section-height-default\" data-id=\"d1a9b13\" data-element_type=\"section\" data-e-type=\"section\">\n\t\t\t\t\t\t<div class=\"elementor-container elementor-column-gap-default\">\n\t\t\t\t\t<div class=\"elementor-column elementor-col-100 elementor-top-column elementor-element elementor-element-93e2132\" data-id=\"93e2132\" data-element_type=\"column\" data-e-type=\"column\">\n\t\t\t<div class=\"elementor-widget-wrap elementor-element-populated\">\n\t\t\t\t\t\t\t<\/div>\n\t\t<\/div>\n\t\t\t\t\t<\/div>\n\t\t<\/section>\n\t\t\t\t<section class=\"elementor-section elementor-top-section elementor-element elementor-element-39e6d6c elementor-reverse-mobile elementor-section-boxed elementor-section-height-default elementor-section-height-default\" data-id=\"39e6d6c\" data-element_type=\"section\" data-e-type=\"section\">\n\t\t\t\t\t\t<div class=\"elementor-container elementor-column-gap-default\">\n\t\t\t\t\t<div class=\"elementor-column elementor-col-50 elementor-top-column elementor-element elementor-element-46600d3\" data-id=\"46600d3\" data-element_type=\"column\" data-e-type=\"column\">\n\t\t\t<div class=\"elementor-widget-wrap elementor-element-populated\">\n\t\t\t\t\t\t<section class=\"elementor-section elementor-inner-section elementor-element elementor-element-79760c0 elementor-section-boxed elementor-section-height-default elementor-section-height-default\" data-id=\"79760c0\" data-element_type=\"section\" data-e-type=\"section\" data-settings=\"{&quot;sticky&quot;:&quot;top&quot;,&quot;sticky_parent&quot;:&quot;yes&quot;,&quot;sticky_offset&quot;:120,&quot;sticky_on&quot;:[&quot;desktop&quot;,&quot;tablet&quot;,&quot;mobile&quot;],&quot;sticky_effects_offset&quot;:0,&quot;sticky_anchor_link_offset&quot;:0}\">\n\t\t\t\t\t\t<div class=\"elementor-container elementor-column-gap-no\">\n\t\t\t\t\t<div class=\"elementor-column elementor-col-100 elementor-inner-column elementor-element elementor-element-0737507\" data-id=\"0737507\" data-element_type=\"column\" data-e-type=\"column\">\n\t\t\t<div class=\"elementor-widget-wrap elementor-element-populated\">\n\t\t\t\t\t\t<div class=\"elementor-element elementor-element-30dff89 elementor-nav-menu__align-start elementor-nav-menu--dropdown-none elementor-widget elementor-widget-nav-menu\" data-id=\"30dff89\" data-element_type=\"widget\" data-e-type=\"widget\" data-settings=\"{&quot;layout&quot;:&quot;vertical&quot;,&quot;submenu_icon&quot;:{&quot;value&quot;:&quot;&lt;svg class=\\&quot;e-font-icon-svg e-fas-caret-down\\&quot; viewBox=\\&quot;0 0 320 512\\&quot; xmlns=\\&quot;http:\\\/\\\/www.w3.org\\\/2000\\\/svg\\&quot;&gt;&lt;path d=\\&quot;M31.3 192h257.3c17.8 0 26.7 21.5 14.1 34.1L174.1 354.8c-7.8 7.8-20.5 7.8-28.3 0L17.2 226.1C4.6 213.5 13.5 192 31.3 192z\\&quot;&gt;&lt;\\\/path&gt;&lt;\\\/svg&gt;&quot;,&quot;library&quot;:&quot;fa-solid&quot;}}\" data-widget_type=\"nav-menu.default\">\n\t\t\t\t<div class=\"elementor-widget-container\">\n\t\t\t\t\t\t\t\t<nav aria-label=\"Menu\" class=\"elementor-nav-menu--main elementor-nav-menu__container elementor-nav-menu--layout-vertical e--pointer-background e--animation-fade\">\n\t\t\t\t<ul id=\"menu-1-30dff89\" class=\"elementor-nav-menu sm-vertical\"><li class=\"menu-item menu-item-type-taxonomy menu-item-object-category menu-item-1145\"><a href=\"https:\/\/hifoder.org\/en\/kategori\/haberler\/\" class=\"elementor-item\">News<\/a><\/li>\n<li class=\"menu-item menu-item-type-taxonomy menu-item-object-category menu-item-1146\"><a href=\"https:\/\/hifoder.org\/en\/kategori\/etkinlikler\/\" class=\"elementor-item\">Events<\/a><\/li>\n<li class=\"menu-item menu-item-type-post_type menu-item-object-page menu-item-1147\"><a href=\"https:\/\/hifoder.org\/en\/dernek-hakkinda\/dernek-tuzugumuz\/\" class=\"elementor-item\">Our Association Charter<\/a><\/li>\n<li class=\"menu-item menu-item-type-post_type menu-item-object-page menu-item-1307\"><a href=\"https:\/\/hifoder.org\/en\/faaliyet-raporlari\/\" class=\"elementor-item\">Activity Reports<\/a><\/li>\n<li class=\"menu-item menu-item-type-post_type menu-item-object-page menu-item-1374\"><a href=\"https:\/\/hifoder.org\/en\/dernek-hakkinda\/faaliyetlerimiz\/\" class=\"elementor-item\">Our Activities<\/a><\/li>\n<li class=\"menu-item menu-item-type-post_type menu-item-object-page menu-item-1148\"><a href=\"https:\/\/hifoder.org\/en\/dernek-hakkinda\/biz-kimiz\/\" class=\"elementor-item\">Who Are We?<\/a><\/li>\n<li class=\"menu-item menu-item-type-post_type menu-item-object-page menu-item-1368\"><a href=\"https:\/\/hifoder.org\/en\/dernek-hakkinda\/karsilastigimiz-zorluklar\/\" class=\"elementor-item\">The Challenges We Face<\/a><\/li>\n<li class=\"menu-item menu-item-type-taxonomy menu-item-object-category menu-item-1149\"><a href=\"https:\/\/hifoder.org\/en\/kategori\/duyurular\/\" class=\"elementor-item\">Announcements<\/a><\/li>\n<li class=\"menu-item menu-item-type-post_type menu-item-object-page menu-item-1199\"><a href=\"https:\/\/hifoder.org\/en\/dernek-hakkinda\/destek-ol\/\" class=\"elementor-item\">Support Us<\/a><\/li>\n<li class=\"menu-item menu-item-type-post_type menu-item-object-page menu-item-1338\"><a href=\"https:\/\/hifoder.org\/en\/uyelik-formu\/\" class=\"elementor-item\">Membership Form<\/a><\/li>\n<li class=\"menu-item menu-item-type-post_type menu-item-object-page menu-item-1198\"><a href=\"https:\/\/hifoder.org\/en\/dernek-hakkinda\/yonetim-kurulu\/\" class=\"elementor-item\">Board of Directors<\/a><\/li>\n<li class=\"menu-item menu-item-type-post_type menu-item-object-page menu-item-1213\"><a href=\"https:\/\/hifoder.org\/en\/dernek-hakkinda\/tedaviye-erisim-destek-talebi\/\" class=\"elementor-item\">Request for Support for Access to Treatment<\/a><\/li>\n<\/ul>\t\t\t<\/nav>\n\t\t\t\t\t\t<nav class=\"elementor-nav-menu--dropdown elementor-nav-menu__container\" aria-hidden=\"true\">\n\t\t\t\t<ul id=\"menu-2-30dff89\" class=\"elementor-nav-menu sm-vertical\"><li class=\"menu-item menu-item-type-taxonomy menu-item-object-category menu-item-1145\"><a href=\"https:\/\/hifoder.org\/en\/kategori\/haberler\/\" class=\"elementor-item\" tabindex=\"-1\">News<\/a><\/li>\n<li class=\"menu-item menu-item-type-taxonomy menu-item-object-category menu-item-1146\"><a href=\"https:\/\/hifoder.org\/en\/kategori\/etkinlikler\/\" class=\"elementor-item\" tabindex=\"-1\">Events<\/a><\/li>\n<li class=\"menu-item menu-item-type-post_type menu-item-object-page menu-item-1147\"><a href=\"https:\/\/hifoder.org\/en\/dernek-hakkinda\/dernek-tuzugumuz\/\" class=\"elementor-item\" tabindex=\"-1\">Our Association Charter<\/a><\/li>\n<li class=\"menu-item menu-item-type-post_type menu-item-object-page menu-item-1307\"><a href=\"https:\/\/hifoder.org\/en\/faaliyet-raporlari\/\" class=\"elementor-item\" tabindex=\"-1\">Activity Reports<\/a><\/li>\n<li class=\"menu-item menu-item-type-post_type menu-item-object-page menu-item-1374\"><a href=\"https:\/\/hifoder.org\/en\/dernek-hakkinda\/faaliyetlerimiz\/\" class=\"elementor-item\" tabindex=\"-1\">Our Activities<\/a><\/li>\n<li class=\"menu-item menu-item-type-post_type menu-item-object-page menu-item-1148\"><a href=\"https:\/\/hifoder.org\/en\/dernek-hakkinda\/biz-kimiz\/\" class=\"elementor-item\" tabindex=\"-1\">Who Are We?<\/a><\/li>\n<li class=\"menu-item menu-item-type-post_type menu-item-object-page menu-item-1368\"><a href=\"https:\/\/hifoder.org\/en\/dernek-hakkinda\/karsilastigimiz-zorluklar\/\" class=\"elementor-item\" tabindex=\"-1\">The Challenges We Face<\/a><\/li>\n<li class=\"menu-item menu-item-type-taxonomy menu-item-object-category menu-item-1149\"><a href=\"https:\/\/hifoder.org\/en\/kategori\/duyurular\/\" class=\"elementor-item\" tabindex=\"-1\">Announcements<\/a><\/li>\n<li class=\"menu-item menu-item-type-post_type menu-item-object-page menu-item-1199\"><a href=\"https:\/\/hifoder.org\/en\/dernek-hakkinda\/destek-ol\/\" class=\"elementor-item\" tabindex=\"-1\">Support Us<\/a><\/li>\n<li class=\"menu-item menu-item-type-post_type menu-item-object-page menu-item-1338\"><a href=\"https:\/\/hifoder.org\/en\/uyelik-formu\/\" class=\"elementor-item\" tabindex=\"-1\">Membership Form<\/a><\/li>\n<li class=\"menu-item menu-item-type-post_type menu-item-object-page menu-item-1198\"><a href=\"https:\/\/hifoder.org\/en\/dernek-hakkinda\/yonetim-kurulu\/\" class=\"elementor-item\" tabindex=\"-1\">Board of Directors<\/a><\/li>\n<li class=\"menu-item menu-item-type-post_type menu-item-object-page menu-item-1213\"><a href=\"https:\/\/hifoder.org\/en\/dernek-hakkinda\/tedaviye-erisim-destek-talebi\/\" class=\"elementor-item\" tabindex=\"-1\">Request for Support for Access to Treatment<\/a><\/li>\n<\/ul>\t\t\t<\/nav>\n\t\t\t\t\t\t<\/div>\n\t\t\t\t<\/div>\n\t\t\t\t\t<\/div>\n\t\t<\/div>\n\t\t\t\t\t<\/div>\n\t\t<\/section>\n\t\t\t\t\t<\/div>\n\t\t<\/div>\n\t\t\t\t<div class=\"elementor-column elementor-col-50 elementor-top-column elementor-element elementor-element-1d971c5\" data-id=\"1d971c5\" data-element_type=\"column\" data-e-type=\"column\">\n\t\t\t<div class=\"elementor-widget-wrap elementor-element-populated\">\n\t\t\t\t\t\t<div class=\"elementor-element elementor-element-bc660ac elementor-widget elementor-widget-text-editor\" data-id=\"bc660ac\" data-element_type=\"widget\" data-e-type=\"widget\" data-widget_type=\"text-editor.default\">\n\t\t\t\t<div class=\"elementor-widget-container\">\n\t\t\t\t\t\t\t\t\t<p>Hifo-DER taraf\u0131ndan ger\u00e7ekle\u015ftirilen bu form Hipofosfatazya ve Hipofosfatemik Rikets hastal\u0131klar\u0131 i\u00e7in sizlere tedaviye eri\u015fim deste\u011fi noktas\u0131nda yard\u0131mc\u0131 olabilmemiz i\u00e7in gerekli sorular\u0131 i\u00e7ermektedir.\u00a0Sizlerle en k\u0131sa zamanda ileti\u015fime ge\u00e7erek, sesimizin daha y\u00fcksek ve g\u00fc\u00e7l\u00fc \u00e7\u0131kmas\u0131 i\u00e7in bir arada olmay\u0131 diliyoruz.<\/p>\t\t\t\t\t\t\t\t<\/div>\n\t\t\t\t<\/div>\n\t\t\t\t<div class=\"elementor-element elementor-element-848976b elementor-widget elementor-widget-html\" data-id=\"848976b\" data-element_type=\"widget\" data-e-type=\"widget\" data-widget_type=\"html.default\">\n\t\t\t\t<div class=\"elementor-widget-container\">\n\t\t\t\t\t<iframe src=\"https:\/\/docs.google.com\/forms\/d\/e\/1FAIpQLSegm7Ajmwjm9ItEgK9kBvl1pp3h_5nsb2gEUAKejJTN56e_bA\/viewform?embedded=true\" width=\"640\" height=\"2200\" frameborder=\"0\" marginheight=\"0\" marginwidth=\"0\">Y\u00fckleniyor\u2026<\/iframe>\t\t\t\t<\/div>\n\t\t\t\t<\/div>\n\t\t\t\t\t<\/div>\n\t\t<\/div>\n\t\t\t\t\t<\/div>\n\t\t<\/section>\n\t\t\t\t<\/div>","protected":false},"excerpt":{"rendered":"<p>Hifo-DER taraf\u0131ndan ger\u00e7ekle\u015ftirilen bu form Hipofosfatazya ve Hipofosfatemik Rikets hastal\u0131klar\u0131 i\u00e7in sizlere tedaviye eri\u015fim deste\u011fi noktas\u0131nda yard\u0131mc\u0131 olabilmemiz i\u00e7in gerekli sorular\u0131 i\u00e7ermektedir.\u00a0Sizlerle en k\u0131sa zamanda ileti\u015fime ge\u00e7erek, sesimizin daha y\u00fcksek ve g\u00fc\u00e7l\u00fc \u00e7\u0131kmas\u0131 i\u00e7in bir arada olmay\u0131 diliyoruz. Y\u00fckleniyor\u2026<\/p>","protected":false},"author":1,"featured_media":0,"parent":56,"menu_order":0,"comment_status":"closed","ping_status":"closed","template":"elementor_header_footer","meta":{"_acf_changed":false,"footnotes":""},"class_list":["post-1205","page","type-page","status-publish","hentry"],"acf":[],"yoast_head":"<!-- This site is optimized with the Yoast SEO plugin v25.3.1 - https:\/\/yoast.com\/wordpress\/plugins\/seo\/ -->\n<title>Tedaviye Eri\u015fim Destek Talebi - Hifo-DER<\/title>\n<meta name=\"robots\" content=\"index, follow, max-snippet:-1, max-image-preview:large, max-video-preview:-1\" \/>\n<link rel=\"canonical\" href=\"https:\/\/hifoder.org\/en\/dernek-hakkinda\/tedaviye-erisim-destek-talebi\/\" \/>\n<meta property=\"og:locale\" content=\"en_US\" \/>\n<meta property=\"og:type\" content=\"article\" \/>\n<meta property=\"og:title\" content=\"Tedaviye Eri\u015fim Destek Talebi - Hifo-DER\" \/>\n<meta property=\"og:description\" content=\"Hifo-DER taraf\u0131ndan ger\u00e7ekle\u015ftirilen bu form Hipofosfatazya ve Hipofosfatemik Rikets hastal\u0131klar\u0131 i\u00e7in sizlere tedaviye eri\u015fim deste\u011fi noktas\u0131nda yard\u0131mc\u0131 olabilmemiz i\u00e7in gerekli sorular\u0131 i\u00e7ermektedir.\u00a0Sizlerle en k\u0131sa zamanda ileti\u015fime ge\u00e7erek, sesimizin daha y\u00fcksek ve g\u00fc\u00e7l\u00fc \u00e7\u0131kmas\u0131 i\u00e7in bir arada olmay\u0131 diliyoruz. Y\u00fckleniyor\u2026\" \/>\n<meta property=\"og:url\" content=\"https:\/\/hifoder.org\/en\/dernek-hakkinda\/tedaviye-erisim-destek-talebi\/\" \/>\n<meta property=\"og:site_name\" content=\"Hifo-DER\" \/>\n<meta property=\"article:modified_time\" content=\"2025-04-22T19:33:03+00:00\" \/>\n<meta name=\"twitter:card\" content=\"summary_large_image\" \/>\n<meta name=\"twitter:label1\" content=\"Est. reading time\" \/>\n\t<meta name=\"twitter:data1\" content=\"1 minute\" \/>\n<script type=\"application\/ld+json\" class=\"yoast-schema-graph\">{\"@context\":\"https:\/\/schema.org\",\"@graph\":[{\"@type\":\"WebPage\",\"@id\":\"https:\/\/hifoder.org\/dernek-hakkinda\/tedaviye-erisim-destek-talebi\/\",\"url\":\"https:\/\/hifoder.org\/dernek-hakkinda\/tedaviye-erisim-destek-talebi\/\",\"name\":\"Tedaviye Eri\u015fim Destek Talebi - Hifo-DER\",\"isPartOf\":{\"@id\":\"https:\/\/hifoder.org\/#website\"},\"datePublished\":\"2025-04-22T19:31:09+00:00\",\"dateModified\":\"2025-04-22T19:33:03+00:00\",\"breadcrumb\":{\"@id\":\"https:\/\/hifoder.org\/dernek-hakkinda\/tedaviye-erisim-destek-talebi\/#breadcrumb\"},\"inLanguage\":\"en-US\",\"potentialAction\":[{\"@type\":\"ReadAction\",\"target\":[\"https:\/\/hifoder.org\/dernek-hakkinda\/tedaviye-erisim-destek-talebi\/\"]}]},{\"@type\":\"BreadcrumbList\",\"@id\":\"https:\/\/hifoder.org\/dernek-hakkinda\/tedaviye-erisim-destek-talebi\/#breadcrumb\",\"itemListElement\":[{\"@type\":\"ListItem\",\"position\":1,\"name\":\"Anasayfa\",\"item\":\"https:\/\/hifoder.org\/\"},{\"@type\":\"ListItem\",\"position\":2,\"name\":\"Dernek Hakk\u0131nda\",\"item\":\"https:\/\/hifoder.org\/dernek-hakkinda\/\"},{\"@type\":\"ListItem\",\"position\":3,\"name\":\"Tedaviye Eri\u015fim Destek Talebi\"}]},{\"@type\":\"WebSite\",\"@id\":\"https:\/\/hifoder.org\/#website\",\"url\":\"https:\/\/hifoder.org\/\",\"name\":\"Hifo-DER\",\"description\":\"\",\"potentialAction\":[{\"@type\":\"SearchAction\",\"target\":{\"@type\":\"EntryPoint\",\"urlTemplate\":\"https:\/\/hifoder.org\/?s={search_term_string}\"},\"query-input\":{\"@type\":\"PropertyValueSpecification\",\"valueRequired\":true,\"valueName\":\"search_term_string\"}}],\"inLanguage\":\"en-US\"}]}<\/script>\n<!-- \/ Yoast SEO plugin. -->","yoast_head_json":{"title":"Tedaviye Eri\u015fim Destek Talebi - Hifo-DER","robots":{"index":"index","follow":"follow","max-snippet":"max-snippet:-1","max-image-preview":"max-image-preview:large","max-video-preview":"max-video-preview:-1"},"canonical":"https:\/\/hifoder.org\/en\/dernek-hakkinda\/tedaviye-erisim-destek-talebi\/","og_locale":"en_US","og_type":"article","og_title":"Tedaviye Eri\u015fim Destek Talebi - Hifo-DER","og_description":"Hifo-DER taraf\u0131ndan ger\u00e7ekle\u015ftirilen bu form Hipofosfatazya ve Hipofosfatemik Rikets hastal\u0131klar\u0131 i\u00e7in sizlere tedaviye eri\u015fim deste\u011fi noktas\u0131nda yard\u0131mc\u0131 olabilmemiz i\u00e7in gerekli sorular\u0131 i\u00e7ermektedir.\u00a0Sizlerle en k\u0131sa zamanda ileti\u015fime ge\u00e7erek, sesimizin daha y\u00fcksek ve g\u00fc\u00e7l\u00fc \u00e7\u0131kmas\u0131 i\u00e7in bir arada olmay\u0131 diliyoruz. Y\u00fckleniyor\u2026","og_url":"https:\/\/hifoder.org\/en\/dernek-hakkinda\/tedaviye-erisim-destek-talebi\/","og_site_name":"Hifo-DER","article_modified_time":"2025-04-22T19:33:03+00:00","twitter_card":"summary_large_image","twitter_misc":{"Est. reading time":"1 minute"},"schema":{"@context":"https:\/\/schema.org","@graph":[{"@type":"WebPage","@id":"https:\/\/hifoder.org\/dernek-hakkinda\/tedaviye-erisim-destek-talebi\/","url":"https:\/\/hifoder.org\/dernek-hakkinda\/tedaviye-erisim-destek-talebi\/","name":"Tedaviye Eri\u015fim Destek Talebi - Hifo-DER","isPartOf":{"@id":"https:\/\/hifoder.org\/#website"},"datePublished":"2025-04-22T19:31:09+00:00","dateModified":"2025-04-22T19:33:03+00:00","breadcrumb":{"@id":"https:\/\/hifoder.org\/dernek-hakkinda\/tedaviye-erisim-destek-talebi\/#breadcrumb"},"inLanguage":"en-US","potentialAction":[{"@type":"ReadAction","target":["https:\/\/hifoder.org\/dernek-hakkinda\/tedaviye-erisim-destek-talebi\/"]}]},{"@type":"BreadcrumbList","@id":"https:\/\/hifoder.org\/dernek-hakkinda\/tedaviye-erisim-destek-talebi\/#breadcrumb","itemListElement":[{"@type":"ListItem","position":1,"name":"Anasayfa","item":"https:\/\/hifoder.org\/"},{"@type":"ListItem","position":2,"name":"Dernek Hakk\u0131nda","item":"https:\/\/hifoder.org\/dernek-hakkinda\/"},{"@type":"ListItem","position":3,"name":"Tedaviye Eri\u015fim Destek Talebi"}]},{"@type":"WebSite","@id":"https:\/\/hifoder.org\/#website","url":"https:\/\/hifoder.org\/","name":"Hifo-DER","description":"","potentialAction":[{"@type":"SearchAction","target":{"@type":"EntryPoint","urlTemplate":"https:\/\/hifoder.org\/?s={search_term_string}"},"query-input":{"@type":"PropertyValueSpecification","valueRequired":true,"valueName":"search_term_string"}}],"inLanguage":"en-US"}]}},"_links":{"self":[{"href":"https:\/\/hifoder.org\/en\/wp-json\/wp\/v2\/pages\/1205","targetHints":{"allow":["GET"]}}],"collection":[{"href":"https:\/\/hifoder.org\/en\/wp-json\/wp\/v2\/pages"}],"about":[{"href":"https:\/\/hifoder.org\/en\/wp-json\/wp\/v2\/types\/page"}],"author":[{"embeddable":true,"href":"https:\/\/hifoder.org\/en\/wp-json\/wp\/v2\/users\/1"}],"replies":[{"embeddable":true,"href":"https:\/\/hifoder.org\/en\/wp-json\/wp\/v2\/comments?post=1205"}],"version-history":[{"count":7,"href":"https:\/\/hifoder.org\/en\/wp-json\/wp\/v2\/pages\/1205\/revisions"}],"predecessor-version":[{"id":1216,"href":"https:\/\/hifoder.org\/en\/wp-json\/wp\/v2\/pages\/1205\/revisions\/1216"}],"up":[{"embeddable":true,"href":"https:\/\/hifoder.org\/en\/wp-json\/wp\/v2\/pages\/56"}],"wp:attachment":[{"href":"https:\/\/hifoder.org\/en\/wp-json\/wp\/v2\/media?parent=1205"}],"curies":[{"name":"wp","href":"https:\/\/api.w.org\/{rel}","templated":true}]}}