{"id":1153,"date":"2025-04-22T18:25:59","date_gmt":"2025-04-22T18:25:59","guid":{"rendered":"https:\/\/hifoder.org\/?page_id=1153"},"modified":"2025-04-22T19:39:40","modified_gmt":"2025-04-22T19:39:40","slug":"akademik-calismalar","status":"publish","type":"page","link":"https:\/\/hifoder.org\/en\/hastalik-hakkinda\/akademik-calismalar\/","title":{"rendered":"Academic Studies"},"content":{"rendered":"<div data-elementor-type=\"wp-page\" data-elementor-id=\"1153\" class=\"elementor elementor-1153\" data-elementor-post-type=\"page\">\n\t\t\t\t\t\t<section class=\"elementor-section elementor-top-section elementor-element elementor-element-438e90d elementor-section-boxed elementor-section-height-default elementor-section-height-default\" data-id=\"438e90d\" data-element_type=\"section\" data-e-type=\"section\">\n\t\t\t\t\t\t<div class=\"elementor-container elementor-column-gap-default\">\n\t\t\t\t\t<div class=\"elementor-column elementor-col-100 elementor-top-column elementor-element elementor-element-38f7db7\" data-id=\"38f7db7\" data-element_type=\"column\" data-e-type=\"column\">\n\t\t\t<div class=\"elementor-widget-wrap elementor-element-populated\">\n\t\t\t\t\t\t\t<\/div>\n\t\t<\/div>\n\t\t\t\t\t<\/div>\n\t\t<\/section>\n\t\t\t\t<section class=\"elementor-section elementor-top-section elementor-element elementor-element-359a49f elementor-reverse-mobile elementor-section-boxed elementor-section-height-default elementor-section-height-default\" data-id=\"359a49f\" data-element_type=\"section\" data-e-type=\"section\">\n\t\t\t\t\t\t<div class=\"elementor-container elementor-column-gap-default\">\n\t\t\t\t\t<div class=\"elementor-column elementor-col-50 elementor-top-column elementor-element elementor-element-0852fa7\" data-id=\"0852fa7\" data-element_type=\"column\" data-e-type=\"column\">\n\t\t\t<div class=\"elementor-widget-wrap elementor-element-populated\">\n\t\t\t\t\t\t<section class=\"elementor-section elementor-inner-section elementor-element elementor-element-1c42c04 elementor-section-boxed elementor-section-height-default elementor-section-height-default\" data-id=\"1c42c04\" data-element_type=\"section\" data-e-type=\"section\" data-settings=\"{&quot;sticky&quot;:&quot;top&quot;,&quot;sticky_parent&quot;:&quot;yes&quot;,&quot;sticky_offset&quot;:120,&quot;sticky_on&quot;:[&quot;desktop&quot;,&quot;tablet&quot;,&quot;mobile&quot;],&quot;sticky_effects_offset&quot;:0,&quot;sticky_anchor_link_offset&quot;:0}\">\n\t\t\t\t\t\t<div class=\"elementor-container elementor-column-gap-no\">\n\t\t\t\t\t<div class=\"elementor-column elementor-col-100 elementor-inner-column elementor-element elementor-element-3f5a1c5\" data-id=\"3f5a1c5\" data-element_type=\"column\" data-e-type=\"column\">\n\t\t\t<div class=\"elementor-widget-wrap elementor-element-populated\">\n\t\t\t\t\t\t<div class=\"elementor-element elementor-element-4948aad elementor-nav-menu__align-start elementor-nav-menu--dropdown-none elementor-widget elementor-widget-nav-menu\" data-id=\"4948aad\" data-element_type=\"widget\" data-e-type=\"widget\" data-settings=\"{&quot;layout&quot;:&quot;vertical&quot;,&quot;submenu_icon&quot;:{&quot;value&quot;:&quot;&lt;svg class=\\&quot;e-font-icon-svg e-fas-caret-down\\&quot; viewBox=\\&quot;0 0 320 512\\&quot; xmlns=\\&quot;http:\\\/\\\/www.w3.org\\\/2000\\\/svg\\&quot;&gt;&lt;path d=\\&quot;M31.3 192h257.3c17.8 0 26.7 21.5 14.1 34.1L174.1 354.8c-7.8 7.8-20.5 7.8-28.3 0L17.2 226.1C4.6 213.5 13.5 192 31.3 192z\\&quot;&gt;&lt;\\\/path&gt;&lt;\\\/svg&gt;&quot;,&quot;library&quot;:&quot;fa-solid&quot;}}\" data-widget_type=\"nav-menu.default\">\n\t\t\t\t<div class=\"elementor-widget-container\">\n\t\t\t\t\t\t\t\t<nav aria-label=\"Menu\" class=\"elementor-nav-menu--main elementor-nav-menu__container elementor-nav-menu--layout-vertical e--pointer-background e--animation-fade\">\n\t\t\t\t<ul id=\"menu-1-4948aad\" class=\"elementor-nav-menu sm-vertical\"><li class=\"menu-item menu-item-type-taxonomy menu-item-object-category menu-item-1220\"><a href=\"https:\/\/hifoder.org\/en\/kategori\/hipofosfatazya\/\" class=\"elementor-item\">Hypophosphatasia<\/a><\/li>\n<li class=\"menu-item menu-item-type-taxonomy menu-item-object-category menu-item-1221\"><a href=\"https:\/\/hifoder.org\/en\/kategori\/sma\/\" class=\"elementor-item\">SMA<\/a><\/li>\n<li class=\"menu-item menu-item-type-post_type menu-item-object-page menu-item-1222\"><a href=\"https:\/\/hifoder.org\/en\/hastalik-hakkinda\/akademik-calismalar\/\" class=\"elementor-item\">Academic Studies<\/a><\/li>\n<li class=\"menu-item menu-item-type-post_type menu-item-object-page menu-item-1308\"><a href=\"https:\/\/hifoder.org\/en\/faaliyet-raporlari\/\" class=\"elementor-item\">Activity Reports<\/a><\/li>\n<\/ul>\t\t\t<\/nav>\n\t\t\t\t\t\t<nav class=\"elementor-nav-menu--dropdown elementor-nav-menu__container\" aria-hidden=\"true\">\n\t\t\t\t<ul id=\"menu-2-4948aad\" class=\"elementor-nav-menu sm-vertical\"><li class=\"menu-item menu-item-type-taxonomy menu-item-object-category menu-item-1220\"><a href=\"https:\/\/hifoder.org\/en\/kategori\/hipofosfatazya\/\" class=\"elementor-item\" tabindex=\"-1\">Hypophosphatasia<\/a><\/li>\n<li class=\"menu-item menu-item-type-taxonomy menu-item-object-category menu-item-1221\"><a href=\"https:\/\/hifoder.org\/en\/kategori\/sma\/\" class=\"elementor-item\" tabindex=\"-1\">SMA<\/a><\/li>\n<li class=\"menu-item menu-item-type-post_type menu-item-object-page menu-item-1222\"><a href=\"https:\/\/hifoder.org\/en\/hastalik-hakkinda\/akademik-calismalar\/\" class=\"elementor-item\" tabindex=\"-1\">Academic Studies<\/a><\/li>\n<li class=\"menu-item menu-item-type-post_type menu-item-object-page menu-item-1308\"><a href=\"https:\/\/hifoder.org\/en\/faaliyet-raporlari\/\" class=\"elementor-item\" tabindex=\"-1\">Activity Reports<\/a><\/li>\n<\/ul>\t\t\t<\/nav>\n\t\t\t\t\t\t<\/div>\n\t\t\t\t<\/div>\n\t\t\t\t\t<\/div>\n\t\t<\/div>\n\t\t\t\t\t<\/div>\n\t\t<\/section>\n\t\t\t\t\t<\/div>\n\t\t<\/div>\n\t\t\t\t<div class=\"elementor-column elementor-col-50 elementor-top-column elementor-element elementor-element-a52df5a\" data-id=\"a52df5a\" data-element_type=\"column\" data-e-type=\"column\">\n\t\t\t<div class=\"elementor-widget-wrap elementor-element-populated\">\n\t\t\t\t\t\t<div class=\"elementor-element elementor-element-9c5b92e elementor-widget elementor-widget-text-editor\" data-id=\"9c5b92e\" data-element_type=\"widget\" data-e-type=\"widget\" data-widget_type=\"text-editor.default\">\n\t\t\t\t<div class=\"elementor-widget-container\">\n\t\t\t\t\t\t\t\t\t<p>2019, Mehmet Bilal Arac\u0131, \u201cInvestigation of molecular diagnosis using alkaline phosphatase gene sequence analysis in patients with low alkaline phosphatase levels and clinically suspected hypophosphatasia.\u201d, Medical Specialization<\/p><p>2016, Rana Bayraml\u0131, \u201cExamination of patients with low alkaline phosphatase levels detected in the biochemistry laboratory for hypophosphatasia\u201d, Medical Specialization<\/p>\t\t\t\t\t\t\t\t<\/div>\n\t\t\t\t<\/div>\n\t\t\t\t\t<\/div>\n\t\t<\/div>\n\t\t\t\t\t<\/div>\n\t\t<\/section>\n\t\t\t\t<\/div>","protected":false},"excerpt":{"rendered":"<p>2019, Mehmet Bilal Arac\u0131, \u201cAlkalen fosfataz d\u00fczeyi d\u00fc\u015f\u00fck olan ve klinik olarak hipofosfatazya d\u00fc\u015f\u00fcn\u00fclen hastalarda alkalen fosfataz geni dizi analizi ile molek\u00fcler tan\u0131n\u0131n ara\u015ft\u0131r\u0131lmas\u0131hipofosfatazya d\u00fc\u015f\u00fcn\u00fclen hastalarda alkalenfosfataz geni dizi analizi ile molek\u00fcler tan\u0131n\u0131nara\u015ft\u0131r\u0131lmas\u0131\u201d, T\u0131pta Uzmanl\u0131k 2016, Rana Bayraml\u0131, \u201cBiyokimya laboratuvar\u0131nda alkalen fosfataz d\u00fc\u015f\u00fckl\u00fc\u011f\u00fc tespit edilen hastalar\u0131n hipofosfatazya a\u00e7\u0131s\u0131ndan incelenmesi\u201d, T\u0131pta Uzmanl\u0131k<\/p>","protected":false},"author":1,"featured_media":0,"parent":63,"menu_order":0,"comment_status":"closed","ping_status":"closed","template":"elementor_header_footer","meta":{"_acf_changed":false,"footnotes":""},"class_list":["post-1153","page","type-page","status-publish","hentry"],"acf":[],"yoast_head":"<!-- This site is optimized with the Yoast SEO plugin v25.3.1 - https:\/\/yoast.com\/wordpress\/plugins\/seo\/ -->\n<title>Akademik \u00c7al\u0131\u015fmalar - Hifo-DER<\/title>\n<meta name=\"robots\" content=\"index, follow, max-snippet:-1, max-image-preview:large, max-video-preview:-1\" \/>\n<link rel=\"canonical\" href=\"https:\/\/hifoder.org\/en\/hastalik-hakkinda\/akademik-calismalar\/\" \/>\n<meta property=\"og:locale\" content=\"en_US\" \/>\n<meta property=\"og:type\" content=\"article\" \/>\n<meta property=\"og:title\" content=\"Akademik \u00c7al\u0131\u015fmalar - Hifo-DER\" \/>\n<meta property=\"og:description\" content=\"2019, Mehmet Bilal Arac\u0131, \u201cAlkalen fosfataz d\u00fczeyi d\u00fc\u015f\u00fck olan ve klinik olarak hipofosfatazya d\u00fc\u015f\u00fcn\u00fclen hastalarda alkalen fosfataz geni dizi analizi ile molek\u00fcler tan\u0131n\u0131n ara\u015ft\u0131r\u0131lmas\u0131hipofosfatazya d\u00fc\u015f\u00fcn\u00fclen hastalarda alkalenfosfataz geni dizi analizi ile molek\u00fcler tan\u0131n\u0131nara\u015ft\u0131r\u0131lmas\u0131\u201d, T\u0131pta Uzmanl\u0131k 2016, Rana Bayraml\u0131, \u201cBiyokimya laboratuvar\u0131nda alkalen fosfataz d\u00fc\u015f\u00fckl\u00fc\u011f\u00fc tespit edilen hastalar\u0131n hipofosfatazya a\u00e7\u0131s\u0131ndan incelenmesi\u201d, T\u0131pta Uzmanl\u0131k\" \/>\n<meta property=\"og:url\" content=\"https:\/\/hifoder.org\/en\/hastalik-hakkinda\/akademik-calismalar\/\" \/>\n<meta property=\"og:site_name\" content=\"Hifo-DER\" \/>\n<meta property=\"article:modified_time\" content=\"2025-04-22T19:39:40+00:00\" \/>\n<meta name=\"twitter:card\" content=\"summary_large_image\" \/>\n<script type=\"application\/ld+json\" class=\"yoast-schema-graph\">{\"@context\":\"https:\/\/schema.org\",\"@graph\":[{\"@type\":\"WebPage\",\"@id\":\"https:\/\/hifoder.org\/hastalik-hakkinda\/akademik-calismalar\/\",\"url\":\"https:\/\/hifoder.org\/hastalik-hakkinda\/akademik-calismalar\/\",\"name\":\"Akademik \u00c7al\u0131\u015fmalar - Hifo-DER\",\"isPartOf\":{\"@id\":\"https:\/\/hifoder.org\/#website\"},\"datePublished\":\"2025-04-22T18:25:59+00:00\",\"dateModified\":\"2025-04-22T19:39:40+00:00\",\"breadcrumb\":{\"@id\":\"https:\/\/hifoder.org\/hastalik-hakkinda\/akademik-calismalar\/#breadcrumb\"},\"inLanguage\":\"en-US\",\"potentialAction\":[{\"@type\":\"ReadAction\",\"target\":[\"https:\/\/hifoder.org\/hastalik-hakkinda\/akademik-calismalar\/\"]}]},{\"@type\":\"BreadcrumbList\",\"@id\":\"https:\/\/hifoder.org\/hastalik-hakkinda\/akademik-calismalar\/#breadcrumb\",\"itemListElement\":[{\"@type\":\"ListItem\",\"position\":1,\"name\":\"Anasayfa\",\"item\":\"https:\/\/hifoder.org\/\"},{\"@type\":\"ListItem\",\"position\":2,\"name\":\"Hastal\u0131k Hakk\u0131nda\",\"item\":\"https:\/\/hifoder.org\/hastalik-hakkinda\/\"},{\"@type\":\"ListItem\",\"position\":3,\"name\":\"Akademik \u00c7al\u0131\u015fmalar\"}]},{\"@type\":\"WebSite\",\"@id\":\"https:\/\/hifoder.org\/#website\",\"url\":\"https:\/\/hifoder.org\/\",\"name\":\"Hifo-DER\",\"description\":\"\",\"potentialAction\":[{\"@type\":\"SearchAction\",\"target\":{\"@type\":\"EntryPoint\",\"urlTemplate\":\"https:\/\/hifoder.org\/?s={search_term_string}\"},\"query-input\":{\"@type\":\"PropertyValueSpecification\",\"valueRequired\":true,\"valueName\":\"search_term_string\"}}],\"inLanguage\":\"en-US\"}]}<\/script>\n<!-- \/ Yoast SEO plugin. -->","yoast_head_json":{"title":"Akademik \u00c7al\u0131\u015fmalar - Hifo-DER","robots":{"index":"index","follow":"follow","max-snippet":"max-snippet:-1","max-image-preview":"max-image-preview:large","max-video-preview":"max-video-preview:-1"},"canonical":"https:\/\/hifoder.org\/en\/hastalik-hakkinda\/akademik-calismalar\/","og_locale":"en_US","og_type":"article","og_title":"Akademik \u00c7al\u0131\u015fmalar - Hifo-DER","og_description":"2019, Mehmet Bilal Arac\u0131, \u201cAlkalen fosfataz d\u00fczeyi d\u00fc\u015f\u00fck olan ve klinik olarak hipofosfatazya d\u00fc\u015f\u00fcn\u00fclen hastalarda alkalen fosfataz geni dizi analizi ile molek\u00fcler tan\u0131n\u0131n ara\u015ft\u0131r\u0131lmas\u0131hipofosfatazya d\u00fc\u015f\u00fcn\u00fclen hastalarda alkalenfosfataz geni dizi analizi ile molek\u00fcler tan\u0131n\u0131nara\u015ft\u0131r\u0131lmas\u0131\u201d, T\u0131pta Uzmanl\u0131k 2016, Rana Bayraml\u0131, \u201cBiyokimya laboratuvar\u0131nda alkalen fosfataz d\u00fc\u015f\u00fckl\u00fc\u011f\u00fc tespit edilen hastalar\u0131n hipofosfatazya a\u00e7\u0131s\u0131ndan incelenmesi\u201d, T\u0131pta Uzmanl\u0131k","og_url":"https:\/\/hifoder.org\/en\/hastalik-hakkinda\/akademik-calismalar\/","og_site_name":"Hifo-DER","article_modified_time":"2025-04-22T19:39:40+00:00","twitter_card":"summary_large_image","schema":{"@context":"https:\/\/schema.org","@graph":[{"@type":"WebPage","@id":"https:\/\/hifoder.org\/hastalik-hakkinda\/akademik-calismalar\/","url":"https:\/\/hifoder.org\/hastalik-hakkinda\/akademik-calismalar\/","name":"Akademik \u00c7al\u0131\u015fmalar - Hifo-DER","isPartOf":{"@id":"https:\/\/hifoder.org\/#website"},"datePublished":"2025-04-22T18:25:59+00:00","dateModified":"2025-04-22T19:39:40+00:00","breadcrumb":{"@id":"https:\/\/hifoder.org\/hastalik-hakkinda\/akademik-calismalar\/#breadcrumb"},"inLanguage":"en-US","potentialAction":[{"@type":"ReadAction","target":["https:\/\/hifoder.org\/hastalik-hakkinda\/akademik-calismalar\/"]}]},{"@type":"BreadcrumbList","@id":"https:\/\/hifoder.org\/hastalik-hakkinda\/akademik-calismalar\/#breadcrumb","itemListElement":[{"@type":"ListItem","position":1,"name":"Anasayfa","item":"https:\/\/hifoder.org\/"},{"@type":"ListItem","position":2,"name":"Hastal\u0131k Hakk\u0131nda","item":"https:\/\/hifoder.org\/hastalik-hakkinda\/"},{"@type":"ListItem","position":3,"name":"Akademik \u00c7al\u0131\u015fmalar"}]},{"@type":"WebSite","@id":"https:\/\/hifoder.org\/#website","url":"https:\/\/hifoder.org\/","name":"Hifo-DER","description":"","potentialAction":[{"@type":"SearchAction","target":{"@type":"EntryPoint","urlTemplate":"https:\/\/hifoder.org\/?s={search_term_string}"},"query-input":{"@type":"PropertyValueSpecification","valueRequired":true,"valueName":"search_term_string"}}],"inLanguage":"en-US"}]}},"_links":{"self":[{"href":"https:\/\/hifoder.org\/en\/wp-json\/wp\/v2\/pages\/1153","targetHints":{"allow":["GET"]}}],"collection":[{"href":"https:\/\/hifoder.org\/en\/wp-json\/wp\/v2\/pages"}],"about":[{"href":"https:\/\/hifoder.org\/en\/wp-json\/wp\/v2\/types\/page"}],"author":[{"embeddable":true,"href":"https:\/\/hifoder.org\/en\/wp-json\/wp\/v2\/users\/1"}],"replies":[{"embeddable":true,"href":"https:\/\/hifoder.org\/en\/wp-json\/wp\/v2\/comments?post=1153"}],"version-history":[{"count":7,"href":"https:\/\/hifoder.org\/en\/wp-json\/wp\/v2\/pages\/1153\/revisions"}],"predecessor-version":[{"id":1236,"href":"https:\/\/hifoder.org\/en\/wp-json\/wp\/v2\/pages\/1153\/revisions\/1236"}],"up":[{"embeddable":true,"href":"https:\/\/hifoder.org\/en\/wp-json\/wp\/v2\/pages\/63"}],"wp:attachment":[{"href":"https:\/\/hifoder.org\/en\/wp-json\/wp\/v2\/media?parent=1153"}],"curies":[{"name":"wp","href":"https:\/\/api.w.org\/{rel}","templated":true}]}}