{"id":1103,"date":"2025-04-22T16:54:59","date_gmt":"2025-04-22T16:54:59","guid":{"rendered":"https:\/\/hifoder.org\/?page_id=1103"},"modified":"2025-04-22T19:50:29","modified_gmt":"2025-04-22T19:50:29","slug":"dernek-tuzugumuz","status":"publish","type":"page","link":"https:\/\/hifoder.org\/en\/dernek-hakkinda\/dernek-tuzugumuz\/","title":{"rendered":"Our Association Charter"},"content":{"rendered":"<div data-elementor-type=\"wp-page\" data-elementor-id=\"1103\" class=\"elementor elementor-1103\" data-elementor-post-type=\"page\">\n\t\t\t\t\t\t<section class=\"elementor-section elementor-top-section elementor-element elementor-element-7aa92c5 elementor-section-boxed elementor-section-height-default elementor-section-height-default\" data-id=\"7aa92c5\" data-element_type=\"section\" data-e-type=\"section\">\n\t\t\t\t\t\t<div class=\"elementor-container elementor-column-gap-default\">\n\t\t\t\t\t<div class=\"elementor-column elementor-col-100 elementor-top-column elementor-element elementor-element-516bf40\" data-id=\"516bf40\" data-element_type=\"column\" data-e-type=\"column\">\n\t\t\t<div class=\"elementor-widget-wrap elementor-element-populated\">\n\t\t\t\t\t\t\t<\/div>\n\t\t<\/div>\n\t\t\t\t\t<\/div>\n\t\t<\/section>\n\t\t\t\t<section class=\"elementor-section elementor-top-section elementor-element elementor-element-e59a1de elementor-reverse-mobile elementor-section-boxed elementor-section-height-default elementor-section-height-default\" data-id=\"e59a1de\" data-element_type=\"section\" data-e-type=\"section\">\n\t\t\t\t\t\t<div class=\"elementor-container elementor-column-gap-default\">\n\t\t\t\t\t<div class=\"elementor-column elementor-col-50 elementor-top-column elementor-element elementor-element-8383507\" data-id=\"8383507\" data-element_type=\"column\" data-e-type=\"column\">\n\t\t\t<div class=\"elementor-widget-wrap elementor-element-populated\">\n\t\t\t\t\t\t<section class=\"elementor-section elementor-inner-section elementor-element elementor-element-e2835fd elementor-section-boxed elementor-section-height-default elementor-section-height-default\" data-id=\"e2835fd\" data-element_type=\"section\" data-e-type=\"section\" data-settings=\"{&quot;sticky&quot;:&quot;top&quot;,&quot;sticky_parent&quot;:&quot;yes&quot;,&quot;sticky_offset&quot;:120,&quot;sticky_on&quot;:[&quot;desktop&quot;,&quot;tablet&quot;,&quot;mobile&quot;],&quot;sticky_effects_offset&quot;:0,&quot;sticky_anchor_link_offset&quot;:0}\">\n\t\t\t\t\t\t<div class=\"elementor-container elementor-column-gap-no\">\n\t\t\t\t\t<div class=\"elementor-column elementor-col-100 elementor-inner-column elementor-element elementor-element-4208a0c\" data-id=\"4208a0c\" data-element_type=\"column\" data-e-type=\"column\">\n\t\t\t<div class=\"elementor-widget-wrap elementor-element-populated\">\n\t\t\t\t\t\t<div class=\"elementor-element elementor-element-3729d14 elementor-nav-menu__align-start elementor-nav-menu--dropdown-none elementor-widget elementor-widget-nav-menu\" data-id=\"3729d14\" data-element_type=\"widget\" data-e-type=\"widget\" data-settings=\"{&quot;layout&quot;:&quot;vertical&quot;,&quot;submenu_icon&quot;:{&quot;value&quot;:&quot;&lt;svg class=\\&quot;e-font-icon-svg e-fas-caret-down\\&quot; viewBox=\\&quot;0 0 320 512\\&quot; xmlns=\\&quot;http:\\\/\\\/www.w3.org\\\/2000\\\/svg\\&quot;&gt;&lt;path d=\\&quot;M31.3 192h257.3c17.8 0 26.7 21.5 14.1 34.1L174.1 354.8c-7.8 7.8-20.5 7.8-28.3 0L17.2 226.1C4.6 213.5 13.5 192 31.3 192z\\&quot;&gt;&lt;\\\/path&gt;&lt;\\\/svg&gt;&quot;,&quot;library&quot;:&quot;fa-solid&quot;}}\" data-widget_type=\"nav-menu.default\">\n\t\t\t\t<div class=\"elementor-widget-container\">\n\t\t\t\t\t\t\t\t<nav aria-label=\"Menu\" class=\"elementor-nav-menu--main elementor-nav-menu__container elementor-nav-menu--layout-vertical e--pointer-background e--animation-fade\">\n\t\t\t\t<ul id=\"menu-1-3729d14\" class=\"elementor-nav-menu sm-vertical\"><li class=\"menu-item menu-item-type-taxonomy menu-item-object-category menu-item-1145\"><a href=\"https:\/\/hifoder.org\/en\/kategori\/haberler\/\" class=\"elementor-item\">News<\/a><\/li>\n<li class=\"menu-item menu-item-type-taxonomy menu-item-object-category menu-item-1146\"><a href=\"https:\/\/hifoder.org\/en\/kategori\/etkinlikler\/\" class=\"elementor-item\">Events<\/a><\/li>\n<li class=\"menu-item menu-item-type-post_type menu-item-object-page menu-item-1147\"><a href=\"https:\/\/hifoder.org\/en\/dernek-hakkinda\/dernek-tuzugumuz\/\" class=\"elementor-item\">Our Association Charter<\/a><\/li>\n<li class=\"menu-item menu-item-type-post_type menu-item-object-page menu-item-1307\"><a href=\"https:\/\/hifoder.org\/en\/faaliyet-raporlari\/\" class=\"elementor-item\">Activity Reports<\/a><\/li>\n<li class=\"menu-item menu-item-type-post_type menu-item-object-page menu-item-1374\"><a href=\"https:\/\/hifoder.org\/en\/dernek-hakkinda\/faaliyetlerimiz\/\" class=\"elementor-item\">Our Activities<\/a><\/li>\n<li class=\"menu-item menu-item-type-post_type menu-item-object-page menu-item-1148\"><a href=\"https:\/\/hifoder.org\/en\/dernek-hakkinda\/biz-kimiz\/\" class=\"elementor-item\">Who Are We?<\/a><\/li>\n<li class=\"menu-item menu-item-type-post_type menu-item-object-page menu-item-1368\"><a href=\"https:\/\/hifoder.org\/en\/dernek-hakkinda\/karsilastigimiz-zorluklar\/\" class=\"elementor-item\">The Challenges We Face<\/a><\/li>\n<li class=\"menu-item menu-item-type-taxonomy menu-item-object-category menu-item-1149\"><a href=\"https:\/\/hifoder.org\/en\/kategori\/duyurular\/\" class=\"elementor-item\">Announcements<\/a><\/li>\n<li class=\"menu-item menu-item-type-post_type menu-item-object-page menu-item-1199\"><a href=\"https:\/\/hifoder.org\/en\/dernek-hakkinda\/destek-ol\/\" class=\"elementor-item\">Support Us<\/a><\/li>\n<li class=\"menu-item menu-item-type-post_type menu-item-object-page menu-item-1338\"><a href=\"https:\/\/hifoder.org\/en\/uyelik-formu\/\" class=\"elementor-item\">Membership Form<\/a><\/li>\n<li class=\"menu-item menu-item-type-post_type menu-item-object-page menu-item-1198\"><a href=\"https:\/\/hifoder.org\/en\/dernek-hakkinda\/yonetim-kurulu\/\" class=\"elementor-item\">Board of Directors<\/a><\/li>\n<li class=\"menu-item menu-item-type-post_type menu-item-object-page menu-item-1213\"><a href=\"https:\/\/hifoder.org\/en\/dernek-hakkinda\/tedaviye-erisim-destek-talebi\/\" class=\"elementor-item\">Request for Support for Access to Treatment<\/a><\/li>\n<\/ul>\t\t\t<\/nav>\n\t\t\t\t\t\t<nav class=\"elementor-nav-menu--dropdown elementor-nav-menu__container\" aria-hidden=\"true\">\n\t\t\t\t<ul id=\"menu-2-3729d14\" class=\"elementor-nav-menu sm-vertical\"><li class=\"menu-item menu-item-type-taxonomy menu-item-object-category menu-item-1145\"><a href=\"https:\/\/hifoder.org\/en\/kategori\/haberler\/\" class=\"elementor-item\" tabindex=\"-1\">News<\/a><\/li>\n<li class=\"menu-item menu-item-type-taxonomy menu-item-object-category menu-item-1146\"><a href=\"https:\/\/hifoder.org\/en\/kategori\/etkinlikler\/\" class=\"elementor-item\" tabindex=\"-1\">Events<\/a><\/li>\n<li class=\"menu-item menu-item-type-post_type menu-item-object-page menu-item-1147\"><a href=\"https:\/\/hifoder.org\/en\/dernek-hakkinda\/dernek-tuzugumuz\/\" class=\"elementor-item\" tabindex=\"-1\">Our Association Charter<\/a><\/li>\n<li class=\"menu-item menu-item-type-post_type menu-item-object-page menu-item-1307\"><a href=\"https:\/\/hifoder.org\/en\/faaliyet-raporlari\/\" class=\"elementor-item\" tabindex=\"-1\">Activity Reports<\/a><\/li>\n<li class=\"menu-item menu-item-type-post_type menu-item-object-page menu-item-1374\"><a href=\"https:\/\/hifoder.org\/en\/dernek-hakkinda\/faaliyetlerimiz\/\" class=\"elementor-item\" tabindex=\"-1\">Our Activities<\/a><\/li>\n<li class=\"menu-item menu-item-type-post_type menu-item-object-page menu-item-1148\"><a href=\"https:\/\/hifoder.org\/en\/dernek-hakkinda\/biz-kimiz\/\" class=\"elementor-item\" tabindex=\"-1\">Who Are We?<\/a><\/li>\n<li class=\"menu-item menu-item-type-post_type menu-item-object-page menu-item-1368\"><a href=\"https:\/\/hifoder.org\/en\/dernek-hakkinda\/karsilastigimiz-zorluklar\/\" class=\"elementor-item\" tabindex=\"-1\">The Challenges We Face<\/a><\/li>\n<li class=\"menu-item menu-item-type-taxonomy menu-item-object-category menu-item-1149\"><a href=\"https:\/\/hifoder.org\/en\/kategori\/duyurular\/\" class=\"elementor-item\" tabindex=\"-1\">Announcements<\/a><\/li>\n<li class=\"menu-item menu-item-type-post_type menu-item-object-page menu-item-1199\"><a href=\"https:\/\/hifoder.org\/en\/dernek-hakkinda\/destek-ol\/\" class=\"elementor-item\" tabindex=\"-1\">Support Us<\/a><\/li>\n<li class=\"menu-item menu-item-type-post_type menu-item-object-page menu-item-1338\"><a href=\"https:\/\/hifoder.org\/en\/uyelik-formu\/\" class=\"elementor-item\" tabindex=\"-1\">Membership Form<\/a><\/li>\n<li class=\"menu-item menu-item-type-post_type menu-item-object-page menu-item-1198\"><a href=\"https:\/\/hifoder.org\/en\/dernek-hakkinda\/yonetim-kurulu\/\" class=\"elementor-item\" tabindex=\"-1\">Board of Directors<\/a><\/li>\n<li class=\"menu-item menu-item-type-post_type menu-item-object-page menu-item-1213\"><a href=\"https:\/\/hifoder.org\/en\/dernek-hakkinda\/tedaviye-erisim-destek-talebi\/\" class=\"elementor-item\" tabindex=\"-1\">Request for Support for Access to Treatment<\/a><\/li>\n<\/ul>\t\t\t<\/nav>\n\t\t\t\t\t\t<\/div>\n\t\t\t\t<\/div>\n\t\t\t\t\t<\/div>\n\t\t<\/div>\n\t\t\t\t\t<\/div>\n\t\t<\/section>\n\t\t\t\t\t<\/div>\n\t\t<\/div>\n\t\t\t\t<div class=\"elementor-column elementor-col-50 elementor-top-column elementor-element elementor-element-c663a68\" data-id=\"c663a68\" data-element_type=\"column\" data-e-type=\"column\">\n\t\t\t<div class=\"elementor-widget-wrap elementor-element-populated\">\n\t\t\t\t\t\t<div class=\"elementor-element elementor-element-eda5255 elementor-widget elementor-widget-heading\" data-id=\"eda5255\" data-element_type=\"widget\" data-e-type=\"widget\" data-widget_type=\"heading.default\">\n\t\t\t\t<div class=\"elementor-widget-container\">\n\t\t\t\t\t<h2 class=\"elementor-heading-title elementor-size-default\">Our goals<\/h2>\t\t\t\t<\/div>\n\t\t\t\t<\/div>\n\t\t\t\t<div class=\"elementor-element elementor-element-8e1ea8b elementor-widget elementor-widget-text-editor\" data-id=\"8e1ea8b\" data-element_type=\"widget\" data-e-type=\"widget\" data-widget_type=\"text-editor.default\">\n\t\t\t\t<div class=\"elementor-widget-container\">\n\t\t\t\t\t\t\t\t\t<p class=\"translation-block\">It may cooperate with all relevant institutions, organizations, associations and foundations to solve the treatment, education, employment, social, accessibility etc. problems of HPP individuals, to ensure solidarity and assistance between HPP individuals and their families, to inform HPP individuals and their families about medical developments, to organize training, seminars and workshops to raise awareness in society, to combat discrimination and prejudice, and to provide material and moral support to HPP individuals and their families.<\/p>\t\t\t\t\t\t\t\t<\/div>\n\t\t\t\t<\/div>\n\t\t\t\t<div class=\"elementor-element elementor-element-f5ef088 elementor-widget elementor-widget-button\" data-id=\"f5ef088\" data-element_type=\"widget\" data-e-type=\"widget\" data-widget_type=\"button.default\">\n\t\t\t\t<div class=\"elementor-widget-container\">\n\t\t\t\t\t\t\t\t\t<div class=\"elementor-button-wrapper\">\n\t\t\t\t\t<a class=\"elementor-button elementor-button-link elementor-size-sm\" href=\"https:\/\/hifoder.org\/wp-content\/uploads\/2025\/04\/DernekTuzugu.pdf\" target=\"_blank\">\n\t\t\t\t\t\t<span class=\"elementor-button-content-wrapper\">\n\t\t\t\t\t\t<span class=\"elementor-button-icon\">\n\t\t\t\t<svg aria-hidden=\"true\" class=\"e-font-icon-svg e-far-file-pdf\" viewbox=\"0 0 384 512\" xmlns=\"http:\/\/www.w3.org\/2000\/svg\"><path d=\"M369.9 97.9L286 14C277 5 264.8-.1 252.1-.1H48C21.5 0 0 21.5 0 48v416c0 26.5 21.5 48 48 48h288c26.5 0 48-21.5 48-48V131.9c0-12.7-5.1-25-14.1-34zM332.1 128H256V51.9l76.1 76.1zM48 464V48h160v104c0 13.3 10.7 24 24 24h104v288H48zm250.2-143.7c-12.2-12-47-8.7-64.4-6.5-17.2-10.5-28.7-25-36.8-46.3 3.9-16.1 10.1-40.6 5.4-56-4.2-26.2-37.8-23.6-42.6-5.9-4.4 16.1-.4 38.5 7 67.1-10 23.9-24.9 56-35.4 74.4-20 10.3-47 26.2-51 46.2-3.3 15.8 26 55.2 76.1-31.2 22.4-7.4 46.8-16.5 68.4-20.1 18.9 10.2 41 17 55.8 17 25.5 0 28-28.2 17.5-38.7zm-198.1 77.8c5.1-13.7 24.5-29.5 30.4-35-19 30.3-30.4 35.7-30.4 35zm81.6-190.6c7.4 0 6.7 32.1 1.8 40.8-4.4-13.9-4.3-40.8-1.8-40.8zm-24.4 136.6c9.7-16.9 18-37 24.7-54.7 8.3 15.1 18.9 27.2 30.1 35.5-20.8 4.3-38.9 13.1-54.8 19.2zm131.6-5s-5 6-37.3-7.8c35.1-2.6 40.9 5.4 37.3 7.8z\"><\/path><\/svg>\t\t\t<\/span>\n\t\t\t\t\t\t\t\t\t<span class=\"elementor-button-text\">Association Charter PDF<\/span>\n\t\t\t\t\t<\/span>\n\t\t\t\t\t<\/a>\n\t\t\t\t<\/div>\n\t\t\t\t\t\t\t\t<\/div>\n\t\t\t\t<\/div>\n\t\t\t\t\t<\/div>\n\t\t<\/div>\n\t\t\t\t\t<\/div>\n\t\t<\/section>\n\t\t\t\t<\/div>","protected":false},"excerpt":{"rendered":"<p>Ama\u00e7lar\u0131m\u0131z HPP bireylerinin tedavi, e\u011fitim, istihdam, sosyal, eri\u015filebilirlik vb. sorunlar\u0131n\u0131n \u00e7\u00f6z\u00fcm\u00fc,HPP\u2019li bireyler ve aileleri aras\u0131nda dayan\u0131\u015fma ve yard\u0131mla\u015fman\u0131n sa\u011flanmas\u0131,HPP\u2019li bireylerin ve ailelerinin t\u0131bbi geli\u015fmeler konusunda bilgilendirilmesi,Toplumda fark\u0131ndal\u0131k yarat\u0131lmas\u0131 i\u00e7in e\u011fitim, seminer, \u00e7al\u0131\u015ftaylar d\u00fczenlenmesi,Ayr\u0131mc\u0131l\u0131k ve \u00f6nyarg\u0131larla m\u00fccadele etmek,HPP\u2019Li bireylere ve ailelerine maddi manevi destek olunmas\u0131 i\u00e7in ilgili t\u00fcm kurum, kurulu\u015f, dernek ve vak\u0131fla i\u015fbirli\u011fi yapabilir. Dernek [&hellip;]<\/p>","protected":false},"author":1,"featured_media":0,"parent":56,"menu_order":0,"comment_status":"closed","ping_status":"closed","template":"elementor_header_footer","meta":{"_acf_changed":false,"footnotes":""},"class_list":["post-1103","page","type-page","status-publish","hentry"],"acf":[],"yoast_head":"<!-- This site is optimized with the Yoast SEO plugin v25.3.1 - https:\/\/yoast.com\/wordpress\/plugins\/seo\/ -->\n<title>Dernek T\u00fcz\u00fc\u011f\u00fcm\u00fcz - Hifo-DER<\/title>\n<meta name=\"robots\" content=\"index, follow, max-snippet:-1, max-image-preview:large, max-video-preview:-1\" \/>\n<link rel=\"canonical\" href=\"https:\/\/hifoder.org\/en\/dernek-hakkinda\/dernek-tuzugumuz\/\" \/>\n<meta property=\"og:locale\" content=\"en_US\" \/>\n<meta property=\"og:type\" content=\"article\" \/>\n<meta property=\"og:title\" content=\"Dernek T\u00fcz\u00fc\u011f\u00fcm\u00fcz - Hifo-DER\" \/>\n<meta property=\"og:description\" content=\"Ama\u00e7lar\u0131m\u0131z HPP bireylerinin tedavi, e\u011fitim, istihdam, sosyal, eri\u015filebilirlik vb. sorunlar\u0131n\u0131n \u00e7\u00f6z\u00fcm\u00fc,HPP\u2019li bireyler ve aileleri aras\u0131nda dayan\u0131\u015fma ve yard\u0131mla\u015fman\u0131n sa\u011flanmas\u0131,HPP\u2019li bireylerin ve ailelerinin t\u0131bbi geli\u015fmeler konusunda bilgilendirilmesi,Toplumda fark\u0131ndal\u0131k yarat\u0131lmas\u0131 i\u00e7in e\u011fitim, seminer, \u00e7al\u0131\u015ftaylar d\u00fczenlenmesi,Ayr\u0131mc\u0131l\u0131k ve \u00f6nyarg\u0131larla m\u00fccadele etmek,HPP\u2019Li bireylere ve ailelerine maddi manevi destek olunmas\u0131 i\u00e7in ilgili t\u00fcm kurum, kurulu\u015f, dernek ve vak\u0131fla i\u015fbirli\u011fi yapabilir. Dernek [&hellip;]\" \/>\n<meta property=\"og:url\" content=\"https:\/\/hifoder.org\/en\/dernek-hakkinda\/dernek-tuzugumuz\/\" \/>\n<meta property=\"og:site_name\" content=\"Hifo-DER\" \/>\n<meta property=\"article:modified_time\" content=\"2025-04-22T19:50:29+00:00\" \/>\n<meta name=\"twitter:card\" content=\"summary_large_image\" \/>\n<meta name=\"twitter:label1\" content=\"Est. reading time\" \/>\n\t<meta name=\"twitter:data1\" content=\"3 minutes\" \/>\n<script type=\"application\/ld+json\" class=\"yoast-schema-graph\">{\"@context\":\"https:\/\/schema.org\",\"@graph\":[{\"@type\":\"WebPage\",\"@id\":\"https:\/\/hifoder.org\/dernek-hakkinda\/dernek-tuzugumuz\/\",\"url\":\"https:\/\/hifoder.org\/dernek-hakkinda\/dernek-tuzugumuz\/\",\"name\":\"Dernek T\u00fcz\u00fc\u011f\u00fcm\u00fcz - Hifo-DER\",\"isPartOf\":{\"@id\":\"https:\/\/hifoder.org\/#website\"},\"datePublished\":\"2025-04-22T16:54:59+00:00\",\"dateModified\":\"2025-04-22T19:50:29+00:00\",\"breadcrumb\":{\"@id\":\"https:\/\/hifoder.org\/dernek-hakkinda\/dernek-tuzugumuz\/#breadcrumb\"},\"inLanguage\":\"en-US\",\"potentialAction\":[{\"@type\":\"ReadAction\",\"target\":[\"https:\/\/hifoder.org\/dernek-hakkinda\/dernek-tuzugumuz\/\"]}]},{\"@type\":\"BreadcrumbList\",\"@id\":\"https:\/\/hifoder.org\/dernek-hakkinda\/dernek-tuzugumuz\/#breadcrumb\",\"itemListElement\":[{\"@type\":\"ListItem\",\"position\":1,\"name\":\"Anasayfa\",\"item\":\"https:\/\/hifoder.org\/\"},{\"@type\":\"ListItem\",\"position\":2,\"name\":\"Dernek Hakk\u0131nda\",\"item\":\"https:\/\/hifoder.org\/dernek-hakkinda\/\"},{\"@type\":\"ListItem\",\"position\":3,\"name\":\"Dernek T\u00fcz\u00fc\u011f\u00fcm\u00fcz\"}]},{\"@type\":\"WebSite\",\"@id\":\"https:\/\/hifoder.org\/#website\",\"url\":\"https:\/\/hifoder.org\/\",\"name\":\"Hifo-DER\",\"description\":\"\",\"potentialAction\":[{\"@type\":\"SearchAction\",\"target\":{\"@type\":\"EntryPoint\",\"urlTemplate\":\"https:\/\/hifoder.org\/?s={search_term_string}\"},\"query-input\":{\"@type\":\"PropertyValueSpecification\",\"valueRequired\":true,\"valueName\":\"search_term_string\"}}],\"inLanguage\":\"en-US\"}]}<\/script>\n<!-- \/ Yoast SEO plugin. -->","yoast_head_json":{"title":"Dernek T\u00fcz\u00fc\u011f\u00fcm\u00fcz - Hifo-DER","robots":{"index":"index","follow":"follow","max-snippet":"max-snippet:-1","max-image-preview":"max-image-preview:large","max-video-preview":"max-video-preview:-1"},"canonical":"https:\/\/hifoder.org\/en\/dernek-hakkinda\/dernek-tuzugumuz\/","og_locale":"en_US","og_type":"article","og_title":"Dernek T\u00fcz\u00fc\u011f\u00fcm\u00fcz - Hifo-DER","og_description":"Ama\u00e7lar\u0131m\u0131z HPP bireylerinin tedavi, e\u011fitim, istihdam, sosyal, eri\u015filebilirlik vb. sorunlar\u0131n\u0131n \u00e7\u00f6z\u00fcm\u00fc,HPP\u2019li bireyler ve aileleri aras\u0131nda dayan\u0131\u015fma ve yard\u0131mla\u015fman\u0131n sa\u011flanmas\u0131,HPP\u2019li bireylerin ve ailelerinin t\u0131bbi geli\u015fmeler konusunda bilgilendirilmesi,Toplumda fark\u0131ndal\u0131k yarat\u0131lmas\u0131 i\u00e7in e\u011fitim, seminer, \u00e7al\u0131\u015ftaylar d\u00fczenlenmesi,Ayr\u0131mc\u0131l\u0131k ve \u00f6nyarg\u0131larla m\u00fccadele etmek,HPP\u2019Li bireylere ve ailelerine maddi manevi destek olunmas\u0131 i\u00e7in ilgili t\u00fcm kurum, kurulu\u015f, dernek ve vak\u0131fla i\u015fbirli\u011fi yapabilir. Dernek [&hellip;]","og_url":"https:\/\/hifoder.org\/en\/dernek-hakkinda\/dernek-tuzugumuz\/","og_site_name":"Hifo-DER","article_modified_time":"2025-04-22T19:50:29+00:00","twitter_card":"summary_large_image","twitter_misc":{"Est. reading time":"3 minutes"},"schema":{"@context":"https:\/\/schema.org","@graph":[{"@type":"WebPage","@id":"https:\/\/hifoder.org\/dernek-hakkinda\/dernek-tuzugumuz\/","url":"https:\/\/hifoder.org\/dernek-hakkinda\/dernek-tuzugumuz\/","name":"Dernek T\u00fcz\u00fc\u011f\u00fcm\u00fcz - Hifo-DER","isPartOf":{"@id":"https:\/\/hifoder.org\/#website"},"datePublished":"2025-04-22T16:54:59+00:00","dateModified":"2025-04-22T19:50:29+00:00","breadcrumb":{"@id":"https:\/\/hifoder.org\/dernek-hakkinda\/dernek-tuzugumuz\/#breadcrumb"},"inLanguage":"en-US","potentialAction":[{"@type":"ReadAction","target":["https:\/\/hifoder.org\/dernek-hakkinda\/dernek-tuzugumuz\/"]}]},{"@type":"BreadcrumbList","@id":"https:\/\/hifoder.org\/dernek-hakkinda\/dernek-tuzugumuz\/#breadcrumb","itemListElement":[{"@type":"ListItem","position":1,"name":"Anasayfa","item":"https:\/\/hifoder.org\/"},{"@type":"ListItem","position":2,"name":"Dernek Hakk\u0131nda","item":"https:\/\/hifoder.org\/dernek-hakkinda\/"},{"@type":"ListItem","position":3,"name":"Dernek T\u00fcz\u00fc\u011f\u00fcm\u00fcz"}]},{"@type":"WebSite","@id":"https:\/\/hifoder.org\/#website","url":"https:\/\/hifoder.org\/","name":"Hifo-DER","description":"","potentialAction":[{"@type":"SearchAction","target":{"@type":"EntryPoint","urlTemplate":"https:\/\/hifoder.org\/?s={search_term_string}"},"query-input":{"@type":"PropertyValueSpecification","valueRequired":true,"valueName":"search_term_string"}}],"inLanguage":"en-US"}]}},"_links":{"self":[{"href":"https:\/\/hifoder.org\/en\/wp-json\/wp\/v2\/pages\/1103","targetHints":{"allow":["GET"]}}],"collection":[{"href":"https:\/\/hifoder.org\/en\/wp-json\/wp\/v2\/pages"}],"about":[{"href":"https:\/\/hifoder.org\/en\/wp-json\/wp\/v2\/types\/page"}],"author":[{"embeddable":true,"href":"https:\/\/hifoder.org\/en\/wp-json\/wp\/v2\/users\/1"}],"replies":[{"embeddable":true,"href":"https:\/\/hifoder.org\/en\/wp-json\/wp\/v2\/comments?post=1103"}],"version-history":[{"count":37,"href":"https:\/\/hifoder.org\/en\/wp-json\/wp\/v2\/pages\/1103\/revisions"}],"predecessor-version":[{"id":1256,"href":"https:\/\/hifoder.org\/en\/wp-json\/wp\/v2\/pages\/1103\/revisions\/1256"}],"up":[{"embeddable":true,"href":"https:\/\/hifoder.org\/en\/wp-json\/wp\/v2\/pages\/56"}],"wp:attachment":[{"href":"https:\/\/hifoder.org\/en\/wp-json\/wp\/v2\/media?parent=1103"}],"curies":[{"name":"wp","href":"https:\/\/api.w.org\/{rel}","templated":true}]}}